{"id":144,"date":"2025-03-27T13:51:05","date_gmt":"2025-03-27T13:51:05","guid":{"rendered":"https:\/\/immerion-casino.com\/mobile-app\/"},"modified":"2025-10-05T07:50:13","modified_gmt":"2025-10-05T07:50:13","slug":"mobile-app","status":"publish","type":"page","link":"https:\/\/immerion-casino.com\/it\/mobile-app\/","title":{"rendered":"Mobile APP"},"content":{"rendered":"<p><a href=\"https:\/\/immerion-casino.com\/recommends\/registrieren\/\"><img loading=\"lazy\" decoding=\"async\" class=\"aligncenter size-full wp-image-145\" src=\"http:\/\/immerion-casino.com\/wp-content\/uploads\/immerion-casino-mobile-app-italia.png\" alt=\"\" width=\"1190\" height=\"569\" srcset=\"https:\/\/immerion-casino.com\/wp-content\/uploads\/immerion-casino-mobile-app-italia.png 1190w, https:\/\/immerion-casino.com\/wp-content\/uploads\/immerion-casino-mobile-app-italia-300x143.png 300w, https:\/\/immerion-casino.com\/wp-content\/uploads\/immerion-casino-mobile-app-italia-1024x490.png 1024w, https:\/\/immerion-casino.com\/wp-content\/uploads\/immerion-casino-mobile-app-italia-768x367.png 768w\" sizes=\"auto, (max-width: 1190px) 100vw, 1190px\" \/><\/a><\/p>\n<h1>Immerion Casino Mobile APP | Android &amp; iOS<\/h1>\n<p><a href=\"https:\/\/immerion-casino.com\/it\/\">Immerion Casino<\/a> offre ai giocatori un&#8217;esperienza mobile di alta qualit\u00e0 grazie all&#8217;app Immerion Casino Mobile. Questa piattaforma mobile garantisce un divertimento senza limiti durante gli spostamenti e consente di accedere a tutte le funzioni e ai giochi pi\u00f9 importanti offerti dal casin\u00f2. Dopo diverse settimane di utilizzo, vi racconto ora in dettaglio la mia esperienza con la versione mobile.<\/p>\n<h2>Immerion Casino Mobile APP<\/h2>\n<p>L&#8217;app mobile di Immerion Casino consente agli utenti di giocare a una vasta gamma di giochi da casin\u00f2 direttamente dai propri smartphone o tablet. Sono disponibili le stesse funzioni della versione desktop, compreso l&#8217;accesso alle informazioni sull&#8217;account e alle promozioni bonus. Grazie a un layout chiaro, i giocatori possono passare rapidamente e facilmente dai giochi alle impostazioni personali.<\/p>\n<p>Inoltre, la versione mobile di Immerion Casino \u00e8 disponibile come app web. Ci\u00f2 significa che non \u00e8 necessario scaricare alcun software aggiuntivo, poich\u00e9 il sito web viene ottimizzato automaticamente per i dispositivi mobili. I giocatori devono semplicemente aprire il sito web ufficiale del casin\u00f2 tramite il browser del proprio dispositivo mobile e la pagina si adatter\u00e0 immediatamente alle dimensioni dello schermo del dispositivo utilizzato.<\/p>\n<p><!-- Angebotsblock --><\/p>\n<div class=\"offer-wrapper\">\n<div class=\"offer-form\">\n<div class=\"offer-bonus\">\n<div class=\"offer-text\">\n<div class=\"offer-bonus-title\">OFFERTA DI BENVENUTO<\/div>\n<div class=\"offer-description\">500% + 400 GIRI GRATUITI<\/div>\n<\/div>\n<\/div>\n<p><a class=\"thirstylink\" href=\"https:\/\/immerion-casino.com\/recommends\/get-bonus\/\"><button class=\"offer-button\">ISCRIVITI ORA<\/button><\/a><\/p>\n<\/div>\n<\/div>\n<p><!-- \/Angebotsblock --><\/p>\n<h2>Caratteristiche della versione mobile<\/h2>\n<p>Una caratteristica fondamentale della versione mobile di Immerion Casino \u00e8 la sua struttura chiara e intuitiva. Tutte le funzioni, inclusi depositi, prelievi e attivazione dei bonus, sono disposte in modo logico e facilmente accessibili. Un altro vantaggio \u00e8 la facilit\u00e0 di accesso all&#8217;assistenza clienti direttamente dall&#8217;app, che offre un aiuto rapido in caso di problemi o domande.<\/p>\n<h2>Compatibilit\u00e0 dei dispositivi<\/h2>\n<p>L&#8217;app web mobile di Immerion Casino \u00e8 facilmente compatibile con la maggior parte dei dispositivi mobili pi\u00f9 diffusi. Sono supportati sia smartphone che tablet di diversi produttori e modelli, compresi i dispositivi moderni di Apple, Samsung, Huawei e Google. Non \u00e8 necessaria l&#8217;installazione di software aggiuntivo, poich\u00e9 l&#8217;app web viene eseguita direttamente nel browser.<\/p>\n<p>Un altro vantaggio dell&#8217;app web di Immerion Casino \u00e8 l&#8217;adattamento automatico alle diverse dimensioni del display. Che si tratti di un piccolo smartphone o di un tablet di grandi dimensioni, il layout della versione mobile viene adattato dinamicamente per garantire un&#8217;esperienza utente ottimale in ogni momento. In questo modo, tutti gli elementi di gioco e le funzioni rimangono sempre chiari e facili da usare.<\/p>\n<p><img loading=\"lazy\" decoding=\"async\" class=\"aligncenter wp-image-54 size-full\" src=\"http:\/\/immerion-casino.com\/wp-content\/uploads\/Unterstutzte-Betriebssysteme.webp\" alt=\"Sistemi operativi supportati\" width=\"800\" height=\"600\" srcset=\"https:\/\/immerion-casino.com\/wp-content\/uploads\/Unterstutzte-Betriebssysteme.webp 800w, https:\/\/immerion-casino.com\/wp-content\/uploads\/Unterstutzte-Betriebssysteme-300x225.webp 300w, https:\/\/immerion-casino.com\/wp-content\/uploads\/Unterstutzte-Betriebssysteme-768x576.webp 768w\" sizes=\"auto, (max-width: 800px) 100vw, 800px\" \/><\/p>\n<h2>Sistemi operativi supportati<\/h2>\n<p>L&#8217;app Immerion Casino supporta i due sistemi operativi pi\u00f9 diffusi, Android e iOS. Vengono pubblicati aggiornamenti regolari per garantire sempre la massima compatibilit\u00e0 e sicurezza. Durante il mio test, l&#8217;app ha funzionato perfettamente su versioni Android a partire dalla 8.0 e su dispositivi iOS a partire dalla versione 13, senza difficolt\u00e0 tecniche.<\/p>\n<h2>Disponibilit\u00e0 dell&#8217;app per iOS e Android<\/h2>\n<p>L&#8217;applicazione mobile di Immerion Casino non \u00e8 attualmente disponibile come app nativa autonoma negli app store ufficiali di Apple o Google Play. Immerion offre invece un&#8217;applicazione web basata su browser, a cui gli utenti possono accedere direttamente dal browser mobile del proprio dispositivo. Ci\u00f2 significa che i giocatori non devono installare alcuna app e possono risparmiare spazio di archiviazione, poich\u00e9 l&#8217;applicazione web richiede solo una connessione Internet stabile.<\/p>\n<p>Dati strutturati sulla disponibilit\u00e0 delle app:<\/p>\n<ul>\n<li aria-level=\"1\">Dispositivi iOS (Apple): nessuna app nativa disponibile; utilizzo tramite browser Safari.<\/li>\n<li aria-level=\"1\">Dispositivi Android: nessuna app nativa disponibile; utilizzo tramite Chrome o altri browser mobili.<\/li>\n<\/ul>\n<p>L&#8217;applicazione basata su browser offre tuttavia quasi le stesse funzioni e gli stessi vantaggi di un&#8217;app nativa. Gli utenti possono effettuare depositi, avviare giochi e contattare l&#8217;assistenza clienti senza problemi, proprio come in una normale app di casin\u00f2. Questa soluzione garantisce un&#8217;elevata compatibilit\u00e0 e tempi di caricamento rapidi su tutti i dispositivi supportati.<\/p>\n<p><!-- Angebotsblock --><\/p>\n<div class=\"offer-wrapper\">\n<div class=\"offer-form\">\n<div class=\"offer-bonus\">\n<div class=\"offer-text\">\n<div class=\"offer-bonus-title\">OFFERTA DI BENVENUTO<\/div>\n<div class=\"offer-description\">500% + 400 GIRI GRATUITI<\/div>\n<\/div>\n<\/div>\n<p><a class=\"thirstylink\" href=\"https:\/\/immerion-casino.com\/recommends\/get-bonus\/\"><button class=\"offer-button\">ISCRIVITI ORA<\/button><\/a><\/p>\n<\/div>\n<\/div>\n<p><!-- \/Angebotsblock --><\/p>\n<h2>Punti di forza dell&#8217;app Immerion<\/h2>\n<p>L&#8217;app web mobile di Immerion convince per i suoi tempi di caricamento rapidi e il design intuitivo, che consentono agli utenti di accedere ai propri giochi in modo semplice, sempre e ovunque. Un ulteriore vantaggio \u00e8 rappresentato dall&#8217;interfaccia utente intuitiva, ottimizzata appositamente per il comando touch e che consente una navigazione fluida tra le singole sezioni.<\/p>\n<p>Dati strutturati: i punti di forza dell&#8217;app web Immerion:<\/p>\n<ul>\n<li aria-level=\"1\">Tempi di caricamento rapidi per un gioco fluido<\/li>\n<li aria-level=\"1\">Navigazione intuitiva sui dispositivi mobili<\/li>\n<li aria-level=\"1\">Struttura del menu semplice e chiara<\/li>\n<li aria-level=\"1\">Non \u00e8 necessaria alcuna installazione: accesso diretto tramite browser<\/li>\n<\/ul>\n<p>Inoltre, l&#8217;app web mobile si distingue per la sua compatibilit\u00e0 multipiattaforma, che consente agli utenti di utilizzare appieno l&#8217;offerta indipendentemente dal sistema operativo. Grazie alle pi\u00f9 moderne tecnologie web, tutte le funzioni dell&#8217;offerta desktop sono disponibili anche in versione mobile, compresi i depositi e i prelievi e l&#8217;accesso completo al servizio clienti.<\/p>\n","protected":false},"excerpt":{"rendered":"<p>Immerion Casino Mobile APP | Android &amp; iOS Immerion Casino offre ai giocatori un&#8217;esperienza mobile di alta qualit\u00e0 grazie all&#8217;app [&hellip;]<\/p>\n","protected":false},"author":1,"featured_media":0,"parent":0,"menu_order":0,"comment_status":"closed","ping_status":"closed","template":"","meta":{"site-sidebar-layout":"default","site-content-layout":"","ast-site-content-layout":"default","site-content-style":"default","site-sidebar-style":"default","ast-global-header-display":"","ast-banner-title-visibility":"","ast-main-header-display":"","ast-hfb-above-header-display":"","ast-hfb-below-header-display":"","ast-hfb-mobile-header-display":"","site-post-title":"disabled","ast-breadcrumbs-content":"","ast-featured-img":"","footer-sml-layout":"","theme-transparent-header-meta":"default","adv-header-id-meta":"","stick-header-meta":"","header-above-stick-meta":"","header-main-stick-meta":"","header-below-stick-meta":"","astra-migrate-meta-layouts":"set","ast-page-background-enabled":"default","ast-page-background-meta":{"desktop":{"background-color":"var(--ast-global-color-5)","background-image":"","background-repeat":"repeat","background-position":"center center","background-size":"auto","background-attachment":"scroll","background-type":"","background-media":"","overlay-type":"","overlay-color":"","overlay-opacity":"","overlay-gradient":""},"tablet":{"background-color":"","background-image":"","background-repeat":"repeat","background-position":"center center","background-size":"auto","background-attachment":"scroll","background-type":"","background-media":"","overlay-type":"","overlay-color":"","overlay-opacity":"","overlay-gradient":""},"mobile":{"background-color":"","background-image":"","background-repeat":"repeat","background-position":"center center","background-size":"auto","background-attachment":"scroll","background-type":"","background-media":"","overlay-type":"","overlay-color":"","overlay-opacity":"","overlay-gradient":""}},"ast-content-background-meta":{"desktop":{"background-color":"var(--ast-global-color-4)","background-image":"","background-repeat":"repeat","background-position":"center center","background-size":"auto","background-attachment":"scroll","background-type":"","background-media":"","overlay-type":"","overlay-color":"","overlay-opacity":"","overlay-gradient":""},"tablet":{"background-color":"var(--ast-global-color-4)","background-image":"","background-repeat":"repeat","background-position":"center center","background-size":"auto","background-attachment":"scroll","background-type":"","background-media":"","overlay-type":"","overlay-color":"","overlay-opacity":"","overlay-gradient":""},"mobile":{"background-color":"var(--ast-global-color-4)","background-image":"","background-repeat":"repeat","background-position":"center center","background-size":"auto","background-attachment":"scroll","background-type":"","background-media":"","overlay-type":"","overlay-color":"","overlay-opacity":"","overlay-gradient":""}},"footnotes":""},"class_list":["post-144","page","type-page","status-publish","hentry"],"yoast_head":"<!-- This site is optimized with the Yoast SEO plugin v26.0 - https:\/\/yoast.com\/wordpress\/plugins\/seo\/ -->\n<title>App mobile Immerion Casino Italia \u25b6\ufe0f iOs &amp; Android<\/title>\n<meta name=\"description\" content=\"App mobile Immerion Casino Italia. \u2b50 App iOS disponibile. App Android disponibile. Istruzioni per l&#039;installazione PWA 2025.\" \/>\n<meta name=\"robots\" content=\"index, follow, max-snippet:-1, max-image-preview:large, max-video-preview:-1\" \/>\n<link rel=\"canonical\" href=\"https:\/\/immerion-casino.com\/it\/mobile-app\/\" \/>\n<meta property=\"og:locale\" content=\"it_IT\" \/>\n<meta property=\"og:type\" content=\"article\" \/>\n<meta property=\"og:title\" content=\"App mobile Immerion Casino Italia \u25b6\ufe0f iOs &amp; Android\" \/>\n<meta property=\"og:description\" content=\"App mobile Immerion Casino Italia. \u2b50 App iOS disponibile. App Android disponibile. Istruzioni per l&#039;installazione PWA 2025.\" \/>\n<meta property=\"og:url\" content=\"https:\/\/immerion-casino.com\/it\/mobile-app\/\" \/>\n<meta property=\"article:modified_time\" content=\"2025-10-05T07:50:13+00:00\" \/>\n<meta property=\"og:image\" content=\"https:\/\/immerion-casino.com\/wp-content\/uploads\/immerion-casino-mobile-app-italia.png\" \/>\n\t<meta property=\"og:image:width\" content=\"1190\" \/>\n\t<meta property=\"og:image:height\" content=\"569\" \/>\n\t<meta property=\"og:image:type\" content=\"image\/png\" \/>\n<meta name=\"twitter:card\" content=\"summary_large_image\" \/>\n<meta name=\"twitter:label1\" content=\"Tempo di lettura stimato\" \/>\n\t<meta name=\"twitter:data1\" content=\"4 minuti\" \/>\n<script type=\"application\/ld+json\" class=\"yoast-schema-graph\">{\"@context\":\"https:\/\/schema.org\",\"@graph\":[{\"@type\":\"WebPage\",\"@id\":\"https:\/\/immerion-casino.com\/it\/mobile-app\/\",\"url\":\"https:\/\/immerion-casino.com\/it\/mobile-app\/\",\"name\":\"App mobile Immerion Casino Italia \u25b6\ufe0f iOs & Android\",\"isPartOf\":{\"@id\":\"https:\/\/immerion-casino.com\/it\/#website\"},\"primaryImageOfPage\":{\"@id\":\"https:\/\/immerion-casino.com\/it\/mobile-app\/#primaryimage\"},\"image\":{\"@id\":\"https:\/\/immerion-casino.com\/it\/mobile-app\/#primaryimage\"},\"thumbnailUrl\":\"http:\/\/immerion-casino.com\/wp-content\/uploads\/immerion-casino-mobile-app-italia.png\",\"datePublished\":\"2025-03-27T13:51:05+00:00\",\"dateModified\":\"2025-10-05T07:50:13+00:00\",\"description\":\"App mobile Immerion Casino Italia. \u2b50 App iOS disponibile. App Android disponibile. Istruzioni per l'installazione PWA 2025.\",\"breadcrumb\":{\"@id\":\"https:\/\/immerion-casino.com\/it\/mobile-app\/#breadcrumb\"},\"inLanguage\":\"it-IT\",\"potentialAction\":[{\"@type\":\"ReadAction\",\"target\":[\"https:\/\/immerion-casino.com\/it\/mobile-app\/\"]}]},{\"@type\":\"ImageObject\",\"inLanguage\":\"it-IT\",\"@id\":\"https:\/\/immerion-casino.com\/it\/mobile-app\/#primaryimage\",\"url\":\"http:\/\/immerion-casino.com\/wp-content\/uploads\/immerion-casino-mobile-app-italia.png\",\"contentUrl\":\"http:\/\/immerion-casino.com\/wp-content\/uploads\/immerion-casino-mobile-app-italia.png\"},{\"@type\":\"BreadcrumbList\",\"@id\":\"https:\/\/immerion-casino.com\/it\/mobile-app\/#breadcrumb\",\"itemListElement\":[{\"@type\":\"ListItem\",\"position\":1,\"name\":\"Home\",\"item\":\"https:\/\/immerion-casino.com\/it\/\"},{\"@type\":\"ListItem\",\"position\":2,\"name\":\"Mobile APP\"}]},{\"@type\":\"WebSite\",\"@id\":\"https:\/\/immerion-casino.com\/it\/#website\",\"url\":\"https:\/\/immerion-casino.com\/it\/\",\"name\":\"\",\"description\":\"\",\"potentialAction\":[{\"@type\":\"SearchAction\",\"target\":{\"@type\":\"EntryPoint\",\"urlTemplate\":\"https:\/\/immerion-casino.com\/it\/?s={search_term_string}\"},\"query-input\":{\"@type\":\"PropertyValueSpecification\",\"valueRequired\":true,\"valueName\":\"search_term_string\"}}],\"inLanguage\":\"it-IT\"}]}<\/script>\n<!-- \/ Yoast SEO plugin. -->","yoast_head_json":{"title":"App mobile Immerion Casino Italia \u25b6\ufe0f iOs & Android","description":"App mobile Immerion Casino Italia. \u2b50 App iOS disponibile. App Android disponibile. Istruzioni per l'installazione PWA 2025.","robots":{"index":"index","follow":"follow","max-snippet":"max-snippet:-1","max-image-preview":"max-image-preview:large","max-video-preview":"max-video-preview:-1"},"canonical":"https:\/\/immerion-casino.com\/it\/mobile-app\/","og_locale":"it_IT","og_type":"article","og_title":"App mobile Immerion Casino Italia \u25b6\ufe0f iOs & Android","og_description":"App mobile Immerion Casino Italia. \u2b50 App iOS disponibile. App Android disponibile. Istruzioni per l'installazione PWA 2025.","og_url":"https:\/\/immerion-casino.com\/it\/mobile-app\/","article_modified_time":"2025-10-05T07:50:13+00:00","og_image":[{"width":1190,"height":569,"url":"https:\/\/immerion-casino.com\/wp-content\/uploads\/immerion-casino-mobile-app-italia.png","type":"image\/png"}],"twitter_card":"summary_large_image","twitter_misc":{"Tempo di lettura stimato":"4 minuti"},"schema":{"@context":"https:\/\/schema.org","@graph":[{"@type":"WebPage","@id":"https:\/\/immerion-casino.com\/it\/mobile-app\/","url":"https:\/\/immerion-casino.com\/it\/mobile-app\/","name":"App mobile Immerion Casino Italia \u25b6\ufe0f iOs & Android","isPartOf":{"@id":"https:\/\/immerion-casino.com\/it\/#website"},"primaryImageOfPage":{"@id":"https:\/\/immerion-casino.com\/it\/mobile-app\/#primaryimage"},"image":{"@id":"https:\/\/immerion-casino.com\/it\/mobile-app\/#primaryimage"},"thumbnailUrl":"http:\/\/immerion-casino.com\/wp-content\/uploads\/immerion-casino-mobile-app-italia.png","datePublished":"2025-03-27T13:51:05+00:00","dateModified":"2025-10-05T07:50:13+00:00","description":"App mobile Immerion Casino Italia. \u2b50 App iOS disponibile. App Android disponibile. Istruzioni per l'installazione PWA 2025.","breadcrumb":{"@id":"https:\/\/immerion-casino.com\/it\/mobile-app\/#breadcrumb"},"inLanguage":"it-IT","potentialAction":[{"@type":"ReadAction","target":["https:\/\/immerion-casino.com\/it\/mobile-app\/"]}]},{"@type":"ImageObject","inLanguage":"it-IT","@id":"https:\/\/immerion-casino.com\/it\/mobile-app\/#primaryimage","url":"http:\/\/immerion-casino.com\/wp-content\/uploads\/immerion-casino-mobile-app-italia.png","contentUrl":"http:\/\/immerion-casino.com\/wp-content\/uploads\/immerion-casino-mobile-app-italia.png"},{"@type":"BreadcrumbList","@id":"https:\/\/immerion-casino.com\/it\/mobile-app\/#breadcrumb","itemListElement":[{"@type":"ListItem","position":1,"name":"Home","item":"https:\/\/immerion-casino.com\/it\/"},{"@type":"ListItem","position":2,"name":"Mobile APP"}]},{"@type":"WebSite","@id":"https:\/\/immerion-casino.com\/it\/#website","url":"https:\/\/immerion-casino.com\/it\/","name":"","description":"","potentialAction":[{"@type":"SearchAction","target":{"@type":"EntryPoint","urlTemplate":"https:\/\/immerion-casino.com\/it\/?s={search_term_string}"},"query-input":{"@type":"PropertyValueSpecification","valueRequired":true,"valueName":"search_term_string"}}],"inLanguage":"it-IT"}]}},"_links":{"self":[{"href":"https:\/\/immerion-casino.com\/it\/wp-json\/wp\/v2\/pages\/144","targetHints":{"allow":["GET"]}}],"collection":[{"href":"https:\/\/immerion-casino.com\/it\/wp-json\/wp\/v2\/pages"}],"about":[{"href":"https:\/\/immerion-casino.com\/it\/wp-json\/wp\/v2\/types\/page"}],"author":[{"embeddable":true,"href":"https:\/\/immerion-casino.com\/it\/wp-json\/wp\/v2\/users\/1"}],"replies":[{"embeddable":true,"href":"https:\/\/immerion-casino.com\/it\/wp-json\/wp\/v2\/comments?post=144"}],"version-history":[{"count":2,"href":"https:\/\/immerion-casino.com\/it\/wp-json\/wp\/v2\/pages\/144\/revisions"}],"predecessor-version":[{"id":147,"href":"https:\/\/immerion-casino.com\/it\/wp-json\/wp\/v2\/pages\/144\/revisions\/147"}],"wp:attachment":[{"href":"https:\/\/immerion-casino.com\/it\/wp-json\/wp\/v2\/media?parent=144"}],"curies":[{"name":"wp","href":"https:\/\/api.w.org\/{rel}","templated":true}]}}